{"id":14968,"date":"2022-11-08T18:01:58","date_gmt":"2022-11-08T16:01:58","guid":{"rendered":"https:\/\/electromagnetica.ro\/?page_id=14968"},"modified":"2023-08-08T19:09:14","modified_gmt":"2023-08-08T16:09:14","slug":"products-services","status":"publish","type":"page","link":"https:\/\/electromagnetica.ro\/en\/products-services\/","title":{"rendered":"Products &#038; services"},"content":{"rendered":"<p><div class=\"fusion-fullwidth fullwidth-box fusion-builder-row-1 fusion-flex-container has-pattern-background has-mask-background nonhundred-percent-fullwidth non-hundred-percent-height-scrolling\" style=\"--awb-border-radius-top-left:0px;--awb-border-radius-top-right:0px;--awb-border-radius-bottom-right:0px;--awb-border-radius-bottom-left:0px;--awb-flex-wrap:wrap;\" ><div class=\"fusion-builder-row fusion-row fusion-flex-align-items-flex-start fusion-flex-align-content-flex-start fusion-flex-content-wrap\" style=\"max-width:1216.8px;margin-left: calc(-4% \/ 2 );margin-right: calc(-4% \/ 2 );\"><div class=\"fusion-layout-column fusion_builder_column fusion-builder-column-0 fusion_builder_column_1_5 1_5 fusion-flex-column\" style=\"--awb-bg-size:cover;--awb-width-large:20%;--awb-margin-top-large:0px;--awb-spacing-right-large:9.6%;--awb-margin-bottom-large:0px;--awb-spacing-left-large:9.6%;--awb-width-medium:100%;--awb-order-medium:0;--awb-spacing-right-medium:1.92%;--awb-spacing-left-medium:1.92%;--awb-width-small:100%;--awb-order-small:0;--awb-spacing-right-small:1.92%;--awb-spacing-left-small:1.92%;\"><div class=\"fusion-column-wrapper fusion-column-has-shadow fusion-flex-justify-content-flex-start fusion-content-layout-column\"><nav class=\"awb-menu awb-menu_column awb-menu_em-hover mobile-mode-collapse-to-button awb-menu_icons-left awb-menu_dc-no mobile-trigger-fullwidth-off awb-menu_mobile-toggle awb-menu_indent-left mobile-size-full-absolute loading mega-menu-loading awb-menu_desktop awb-menu_dropdown awb-menu_expand-left awb-menu_transition-fade fusion-animated\" style=\"--awb-margin-top:20px;--awb-margin-bottom:20px;--awb-bg:#f4f4f4;--awb-border-radius-top-right:10px;--awb-border-radius-bottom-right:10px;--awb-gap:10px;--awb-items-padding-top:10px;--awb-items-padding-right:10px;--awb-items-padding-bottom:10px;--awb-items-padding-left:10px;--awb-active-color:var(--awb-color1);--awb-active-bg:var(--awb-color5);--awb-active-border-color:var(--awb-color5);--awb-submenu-color:var(--awb-color1);--awb-submenu-bg:var(--awb-color5);--awb-submenu-items-padding-top:10px;--awb-submenu-items-padding-right:10px;--awb-submenu-items-padding-bottom:10px;--awb-submenu-items-padding-left:10px;--awb-submenu-active-bg:var(--awb-color5);--awb-submenu-active-color:var(--awb-color4);--awb-icons-hover-color:var(--awb-color1);--awb-main-justify-content:flex-start;--awb-mobile-justify:flex-start;--awb-mobile-caret-left:auto;--awb-mobile-caret-right:0;--awb-fusion-font-family-typography:&quot;Montserrat&quot;;--awb-fusion-font-style-typography:normal;--awb-fusion-font-weight-typography:500;--awb-fusion-font-family-submenu-typography:inherit;--awb-fusion-font-style-submenu-typography:normal;--awb-fusion-font-weight-submenu-typography:400;--awb-fusion-font-family-mobile-typography:inherit;--awb-fusion-font-style-mobile-typography:normal;--awb-fusion-font-weight-mobile-typography:400;\" aria-label=\"produse si servicii\" data-breakpoint=\"1024\" data-count=\"0\" data-transition-type=\"fade\" data-transition-time=\"300\" data-expand=\"left\" data-animationType=\"fadeInDown\" data-animationDuration=\"0.3\" data-animationOffset=\"top-mid-of-view\"><button type=\"button\" class=\"awb-menu__m-toggle awb-menu__m-toggle_no-text\" aria-expanded=\"false\" aria-controls=\"menu-produse-si-servicii\"><span class=\"awb-menu__m-toggle-inner\"><span class=\"collapsed-nav-text\"><span class=\"screen-reader-text\">Toggle Navigation<\/span><\/span><span class=\"awb-menu__m-collapse-icon awb-menu__m-collapse-icon_no-text\"><span class=\"awb-menu__m-collapse-icon-open awb-menu__m-collapse-icon-open_no-text fa-bars fas\"><\/span><span class=\"awb-menu__m-collapse-icon-close awb-menu__m-collapse-icon-close_no-text fa-times fas\"><\/span><\/span><\/span><\/button><ul id=\"menu-produse-si-servicii\" class=\"fusion-menu awb-menu__main-ul awb-menu__main-ul_column\"><li  id=\"menu-item-17236\"  class=\"menu-item menu-item-type-post_type menu-item-object-page menu-item-17236 awb-menu__li awb-menu__main-li awb-menu__main-li_regular\"  data-item-id=\"17236\"><span class=\"awb-menu__main-background-default awb-menu__main-background-default_fade\"><\/span><span class=\"awb-menu__main-background-active awb-menu__main-background-active_fade\"><\/span><a  href=\"https:\/\/electromagnetica.ro\/produse-servicii\/furnizare-de-energie-electrica\/\" class=\"awb-menu__main-a awb-menu__main-a_regular\"><span class=\"menu-text\">Electric energy supply<\/span><\/a><\/li><li  id=\"menu-item-16109\"  class=\"menu-item menu-item-type-post_type menu-item-object-page menu-item-16109 awb-menu__li awb-menu__main-li awb-menu__main-li_regular\"  data-item-id=\"16109\"><span class=\"awb-menu__main-background-default awb-menu__main-background-default_fade\"><\/span><span class=\"awb-menu__main-background-active awb-menu__main-background-active_fade\"><\/span><a  href=\"https:\/\/electromagnetica.ro\/produse-servicii\/statii-de-incarcare-masini-electrice\/\" class=\"awb-menu__main-a awb-menu__main-a_regular\"><span class=\"menu-text\">Statii de \u00eenc\u0103rcare pentru automobile electrice<\/span><\/a><\/li><li  id=\"menu-item-2004\"  class=\"menu-item menu-item-type-post_type menu-item-object-page menu-item-2004 awb-menu__li awb-menu__main-li awb-menu__main-li_regular\"  data-item-id=\"2004\"><span class=\"awb-menu__main-background-default awb-menu__main-background-default_fade\"><\/span><span class=\"awb-menu__main-background-active awb-menu__main-background-active_fade\"><\/span><a  href=\"https:\/\/electromagnetica.ro\/produse-servicii\/iluminat-led\/\" class=\"awb-menu__main-a awb-menu__main-a_regular\"><span class=\"menu-text\">Led lighting solutions<\/span><\/a><\/li><\/ul><\/nav><\/div><\/div><div class=\"fusion-layout-column fusion_builder_column fusion-builder-column-1 fusion_builder_column_4_5 4_5 fusion-flex-column fusion-flex-align-self-center\" style=\"--awb-bg-size:cover;--awb-width-large:80%;--awb-margin-top-large:0px;--awb-spacing-right-large:2.4%;--awb-margin-bottom-large:0px;--awb-spacing-left-large:2.4%;--awb-width-medium:100%;--awb-order-medium:0;--awb-spacing-right-medium:1.92%;--awb-spacing-left-medium:1.92%;--awb-width-small:100%;--awb-order-small:0;--awb-spacing-right-small:1.92%;--awb-spacing-left-small:1.92%;\"><div class=\"fusion-column-wrapper fusion-column-has-shadow fusion-flex-justify-content-center fusion-content-layout-column\"><div class=\"awb-gallery-wrapper awb-gallery-wrapper-1 button-span-no\" style=\"--more-btn-alignment:center;\"><div style=\"margin:-5px;--awb-bordersize:0px;--awb-caption-title-color:var(--awb-color1);--awb-caption-title-font-family:&quot;Montserrat&quot;;--awb-caption-title-font-style:normal;--awb-caption-title-font-weight:600;--awb-caption-text-font-family:&quot;Montserrat&quot;;--awb-caption-text-font-style:normal;--awb-caption-text-font-weight:600;\" class=\"fusion-gallery fusion-gallery-container fusion-grid-3 fusion-columns-total-5 fusion-gallery-layout-masonry fusion-gallery-1\"><div class=\"fusion-grid-column fusion-gallery-column fusion-gallery-column-3 fusion-grid-sizer\"><\/div><div style=\"padding:5px;\" class=\"fusion-grid-column fusion-gallery-column fusion-gallery-column-3 fusion-element-portrait\"><div class=\"fusion-gallery-image awb-imageframe-style awb-imageframe-style-navin\"><a href=\"\/statii-de-incarcare-auto\/\" rel=\"noreferrer\" data-rel=\"iLightbox[gallery_image_1]\" class=\"fusion-lightbox\" target=\"_self\"><div style=\"padding-top:calc((100% + 10px) * 1.6);background-position:14% 20%;\" class=\"fusion-masonry-element-container lazyload\" data-bg=\"https:\/\/electromagnetica.ro\/wp-content\/uploads\/2023\/08\/1car.webp\"><img decoding=\"async\" src=\"https:\/\/electromagnetica.ro\/wp-content\/uploads\/2023\/08\/1car.webp\" data-orig-src=\"https:\/\/electromagnetica.ro\/wp-content\/uploads\/2023\/08\/1car.webp\" width=\"800\" height=\"1350\" alt=\"\" title=\"1car\" aria-label=\"1car\" class=\"lazyload img-responsive wp-image-14890\" srcset=\"data:image\/svg+xml,%3Csvg%20xmlns%3D%27http%3A%2F%2Fwww.w3.org%2F2000%2Fsvg%27%20width%3D%27800%27%20height%3D%271350%27%20viewBox%3D%270%200%20800%201350%27%3E%3Crect%20width%3D%27800%27%20height%3D%271350%27%20fill-opacity%3D%220%22%2F%3E%3C%2Fsvg%3E\" data-srcset=\"https:\/\/electromagnetica.ro\/wp-content\/uploads\/2023\/08\/1car-178x300.webp 178w, https:\/\/electromagnetica.ro\/wp-content\/uploads\/2023\/08\/1car-200x338.webp 200w, https:\/\/electromagnetica.ro\/wp-content\/uploads\/2023\/08\/1car-400x675.webp 400w, https:\/\/electromagnetica.ro\/wp-content\/uploads\/2023\/08\/1car-500x844.webp 500w, https:\/\/electromagnetica.ro\/wp-content\/uploads\/2023\/08\/1car-600x1013.webp 600w, https:\/\/electromagnetica.ro\/wp-content\/uploads\/2023\/08\/1car-607x1024.webp 607w, https:\/\/electromagnetica.ro\/wp-content\/uploads\/2023\/08\/1car-700x1181.webp 700w, https:\/\/electromagnetica.ro\/wp-content\/uploads\/2023\/08\/1car-768x1296.webp 768w, https:\/\/electromagnetica.ro\/wp-content\/uploads\/2023\/08\/1car.webp 800w\" data-sizes=\"auto\" data-orig-sizes=\"(min-width: 2200px) 100vw, (min-width: 794px) 387px, (min-width: 717px) 580px, (min-width: 640px) 717px, \" \/><\/div><div class=\"awb-imageframe-caption-container\"><div class=\"awb-imageframe-caption\"><h5 class=\"awb-imageframe-caption-title\">Sta\u021bii de \u00eenc\u0103rcare electric\u0103 auto<\/h5><\/div><\/div><\/a><\/div><\/div><div style=\"padding:5px;\" class=\"fusion-grid-column fusion-gallery-column fusion-gallery-column-3 fusion-element-landscape\"><div class=\"fusion-gallery-image awb-imageframe-style awb-imageframe-style-navin\"><a href=\"\/produse-servicii\/iluminat-led\/\" rel=\"noreferrer\" data-rel=\"iLightbox[gallery_image_1]\" class=\"fusion-lightbox\" target=\"_self\"><div style=\"padding-top:calc((100% + 10px) * 0.4 - 5px);background-position:;\" class=\"fusion-masonry-element-container lazyload\" data-bg=\"https:\/\/electromagnetica.ro\/wp-content\/uploads\/2023\/08\/2city.webp\"><img decoding=\"async\" src=\"https:\/\/electromagnetica.ro\/wp-content\/uploads\/2023\/08\/2city.webp\" data-orig-src=\"https:\/\/electromagnetica.ro\/wp-content\/uploads\/2023\/08\/2city.webp\" width=\"1497\" height=\"800\" alt=\"\" title=\"2city\" aria-label=\"2city\" class=\"lazyload img-responsive wp-image-14892\" srcset=\"data:image\/svg+xml,%3Csvg%20xmlns%3D%27http%3A%2F%2Fwww.w3.org%2F2000%2Fsvg%27%20width%3D%271497%27%20height%3D%27800%27%20viewBox%3D%270%200%201497%20800%27%3E%3Crect%20width%3D%271497%27%20height%3D%27800%27%20fill-opacity%3D%220%22%2F%3E%3C%2Fsvg%3E\" data-srcset=\"https:\/\/electromagnetica.ro\/wp-content\/uploads\/2023\/08\/2city-200x107.webp 200w, https:\/\/electromagnetica.ro\/wp-content\/uploads\/2023\/08\/2city-300x160.webp 300w, https:\/\/electromagnetica.ro\/wp-content\/uploads\/2023\/08\/2city-400x214.webp 400w, https:\/\/electromagnetica.ro\/wp-content\/uploads\/2023\/08\/2city-500x267.webp 500w, https:\/\/electromagnetica.ro\/wp-content\/uploads\/2023\/08\/2city-600x321.webp 600w, https:\/\/electromagnetica.ro\/wp-content\/uploads\/2023\/08\/2city-700x374.webp 700w, https:\/\/electromagnetica.ro\/wp-content\/uploads\/2023\/08\/2city-768x410.webp 768w, https:\/\/electromagnetica.ro\/wp-content\/uploads\/2023\/08\/2city-800x428.webp 800w, https:\/\/electromagnetica.ro\/wp-content\/uploads\/2023\/08\/2city-1024x547.webp 1024w, https:\/\/electromagnetica.ro\/wp-content\/uploads\/2023\/08\/2city-1200x641.webp 1200w, https:\/\/electromagnetica.ro\/wp-content\/uploads\/2023\/08\/2city-1320x705.webp 1320w, https:\/\/electromagnetica.ro\/wp-content\/uploads\/2023\/08\/2city.webp 1497w\" data-sizes=\"auto\" data-orig-sizes=\"(min-width: 2200px) 100vw, (min-width: 640px) 1170px, \" \/><\/div><div class=\"awb-imageframe-caption-container\"><div class=\"awb-imageframe-caption\"><h5 class=\"awb-imageframe-caption-title\">Solu\u021bii iluminat LED<\/h5><\/div><\/div><\/a><\/div><\/div><div style=\"padding:5px;\" class=\"fusion-grid-column fusion-gallery-column fusion-gallery-column-3 fusion-element-grid\"><div class=\"fusion-gallery-image awb-imageframe-style awb-imageframe-style-navin\"><a href=\"https:\/\/electromagnetica.ro\/wp-content\/uploads\/2016\/11\/avada-it-section-bg-e1668097624206.png\" rel=\"noreferrer\" data-rel=\"iLightbox[gallery_image_1]\" class=\"fusion-lightbox\" target=\"_self\"><div style=\"padding-top:calc((100% + 10px) * 0.8 - 5px);background-position:;\" class=\"fusion-masonry-element-container lazyload\" data-bg=\"https:\/\/electromagnetica.ro\/wp-content\/uploads\/2016\/11\/avada-it-section-bg-e1668097624206.png\"><img decoding=\"async\" src=\"https:\/\/electromagnetica.ro\/wp-content\/uploads\/2016\/11\/avada-it-section-bg-e1668097624206.png\" data-orig-src=\"https:\/\/electromagnetica.ro\/wp-content\/uploads\/2016\/11\/avada-it-section-bg-e1668097624206.png\" width=\"1200\" height=\"1200\" alt=\"\" title=\"\" aria-label=\"\" class=\"lazyload img-responsive wp-image-507\" srcset=\"data:image\/svg+xml,%3Csvg%20xmlns%3D%27http%3A%2F%2Fwww.w3.org%2F2000%2Fsvg%27%20width%3D%271200%27%20height%3D%271200%27%20viewBox%3D%270%200%201200%201200%27%3E%3Crect%20width%3D%271200%27%20height%3D%271200%27%20fill-opacity%3D%220%22%2F%3E%3C%2Fsvg%3E\" data-srcset=\"https:\/\/electromagnetica.ro\/wp-content\/uploads\/2016\/11\/avada-it-section-bg-e1668097624206-200x200.png 200w, https:\/\/electromagnetica.ro\/wp-content\/uploads\/2016\/11\/avada-it-section-bg-e1668097624206-400x400.png 400w, https:\/\/electromagnetica.ro\/wp-content\/uploads\/2016\/11\/avada-it-section-bg-e1668097624206-600x600.png 600w, https:\/\/electromagnetica.ro\/wp-content\/uploads\/2016\/11\/avada-it-section-bg-e1668097624206-800x800.png 800w, https:\/\/electromagnetica.ro\/wp-content\/uploads\/2016\/11\/avada-it-section-bg-e1668097624206.png 1200w\" data-sizes=\"auto\" data-orig-sizes=\"(min-width: 2200px) 100vw, (min-width: 794px) 387px, (min-width: 717px) 580px, (min-width: 640px) 717px, \" \/><\/div><div class=\"awb-imageframe-caption-container\"><div class=\"awb-imageframe-caption\"><h5 class=\"awb-imageframe-caption-title\">ELECTROMAGNETICA<\/h5><\/div><\/div><\/a><\/div><\/div><div style=\"padding:5px;\" class=\"fusion-grid-column fusion-gallery-column fusion-gallery-column-3 fusion-element-portrait\"><div class=\"fusion-gallery-image awb-imageframe-style awb-imageframe-style-navin\"><a href=\"\/produse-servicii\/echipamente-electrice-electronice\/\" rel=\"noreferrer\" data-rel=\"iLightbox[gallery_image_1]\" class=\"fusion-lightbox\" target=\"_self\"><div style=\"padding-top:calc((100% + 10px) * 1.6);background-position:;\" class=\"fusion-masonry-element-container lazyload\" data-bg=\"https:\/\/electromagnetica.ro\/wp-content\/uploads\/2023\/08\/3tech.webp\"><img decoding=\"async\" src=\"https:\/\/electromagnetica.ro\/wp-content\/uploads\/2023\/08\/3tech.webp\" data-orig-src=\"https:\/\/electromagnetica.ro\/wp-content\/uploads\/2023\/08\/3tech.webp\" width=\"800\" height=\"1350\" alt=\"\" title=\"3tech\" aria-label=\"3tech\" class=\"lazyload img-responsive wp-image-14894\" srcset=\"data:image\/svg+xml,%3Csvg%20xmlns%3D%27http%3A%2F%2Fwww.w3.org%2F2000%2Fsvg%27%20width%3D%27800%27%20height%3D%271350%27%20viewBox%3D%270%200%20800%201350%27%3E%3Crect%20width%3D%27800%27%20height%3D%271350%27%20fill-opacity%3D%220%22%2F%3E%3C%2Fsvg%3E\" data-srcset=\"https:\/\/electromagnetica.ro\/wp-content\/uploads\/2023\/08\/3tech-178x300.webp 178w, https:\/\/electromagnetica.ro\/wp-content\/uploads\/2023\/08\/3tech-200x338.webp 200w, https:\/\/electromagnetica.ro\/wp-content\/uploads\/2023\/08\/3tech-400x675.webp 400w, https:\/\/electromagnetica.ro\/wp-content\/uploads\/2023\/08\/3tech-500x844.webp 500w, https:\/\/electromagnetica.ro\/wp-content\/uploads\/2023\/08\/3tech-600x1013.webp 600w, https:\/\/electromagnetica.ro\/wp-content\/uploads\/2023\/08\/3tech-607x1024.webp 607w, https:\/\/electromagnetica.ro\/wp-content\/uploads\/2023\/08\/3tech-700x1181.webp 700w, https:\/\/electromagnetica.ro\/wp-content\/uploads\/2023\/08\/3tech-768x1296.webp 768w, https:\/\/electromagnetica.ro\/wp-content\/uploads\/2023\/08\/3tech.webp 800w\" data-sizes=\"auto\" data-orig-sizes=\"(min-width: 2200px) 100vw, (min-width: 794px) 387px, (min-width: 717px) 580px, (min-width: 640px) 717px, \" \/><\/div><div class=\"awb-imageframe-caption-container\"><div class=\"awb-imageframe-caption\"><h5 class=\"awb-imageframe-caption-title\">Echipamente electrice \u0219i electronice<\/h5><\/div><\/div><\/a><\/div><\/div><div style=\"padding:5px;\" class=\"fusion-grid-column fusion-gallery-column fusion-gallery-column-3 fusion-element-landscape\"><div class=\"fusion-gallery-image awb-imageframe-style awb-imageframe-style-navin\"><a href=\"\/produse-servicii\/productie-si-furnizare-de-energie-electrica\/furnizare-de-energie-electrica\/\" rel=\"noreferrer\" data-rel=\"iLightbox[gallery_image_1]\" class=\"fusion-lightbox\" target=\"_self\"><div style=\"padding-top:calc((100% + 10px) * 0.4 - 5px);background-position:;\" class=\"fusion-masonry-element-container lazyload\" data-bg=\"https:\/\/electromagnetica.ro\/wp-content\/uploads\/2023\/08\/4voltage.webp\"><img decoding=\"async\" src=\"https:\/\/electromagnetica.ro\/wp-content\/uploads\/2023\/08\/4voltage.webp\" data-orig-src=\"https:\/\/electromagnetica.ro\/wp-content\/uploads\/2023\/08\/4voltage.webp\" width=\"2560\" height=\"1706\" alt=\"\" title=\"4voltage\" aria-label=\"4voltage\" class=\"lazyload img-responsive wp-image-14896\" srcset=\"data:image\/svg+xml,%3Csvg%20xmlns%3D%27http%3A%2F%2Fwww.w3.org%2F2000%2Fsvg%27%20width%3D%272560%27%20height%3D%271706%27%20viewBox%3D%270%200%202560%201706%27%3E%3Crect%20width%3D%272560%27%20height%3D%271706%27%20fill-opacity%3D%220%22%2F%3E%3C%2Fsvg%3E\" data-srcset=\"https:\/\/electromagnetica.ro\/wp-content\/uploads\/2023\/08\/4voltage-200x133.webp 200w, https:\/\/electromagnetica.ro\/wp-content\/uploads\/2023\/08\/4voltage-300x200.webp 300w, https:\/\/electromagnetica.ro\/wp-content\/uploads\/2023\/08\/4voltage-400x267.webp 400w, https:\/\/electromagnetica.ro\/wp-content\/uploads\/2023\/08\/4voltage-500x333.webp 500w, https:\/\/electromagnetica.ro\/wp-content\/uploads\/2023\/08\/4voltage-600x400.webp 600w, https:\/\/electromagnetica.ro\/wp-content\/uploads\/2023\/08\/4voltage-700x466.webp 700w, https:\/\/electromagnetica.ro\/wp-content\/uploads\/2023\/08\/4voltage-768x512.webp 768w, https:\/\/electromagnetica.ro\/wp-content\/uploads\/2023\/08\/4voltage-800x533.webp 800w, https:\/\/electromagnetica.ro\/wp-content\/uploads\/2023\/08\/4voltage-1024x682.webp 1024w, https:\/\/electromagnetica.ro\/wp-content\/uploads\/2023\/08\/4voltage-1200x800.webp 1200w, https:\/\/electromagnetica.ro\/wp-content\/uploads\/2023\/08\/4voltage-1320x880.webp 1320w, https:\/\/electromagnetica.ro\/wp-content\/uploads\/2023\/08\/4voltage-1536x1024.webp 1536w, https:\/\/electromagnetica.ro\/wp-content\/uploads\/2023\/08\/4voltage.webp 2560w\" data-sizes=\"auto\" data-orig-sizes=\"(min-width: 2200px) 100vw, (min-width: 640px) 1170px, \" \/><\/div><div class=\"awb-imageframe-caption-container\"><div class=\"awb-imageframe-caption\"><h5 class=\"awb-imageframe-caption-title\">Producere \u0219i furnizare de energie electric\u0103<\/h5><\/div><\/div><\/a><\/div><\/div><\/div><\/div><\/div><\/div><\/div><\/div><div class=\"fusion-fullwidth fullwidth-box fusion-builder-row-2 fusion-flex-container has-pattern-background has-mask-background nonhundred-percent-fullwidth non-hundred-percent-height-scrolling\" style=\"--awb-border-radius-top-left:0px;--awb-border-radius-top-right:0px;--awb-border-radius-bottom-right:0px;--awb-border-radius-bottom-left:0px;--awb-flex-wrap:wrap;\" ><div class=\"fusion-builder-row fusion-row fusion-flex-align-items-flex-start fusion-flex-content-wrap\" style=\"max-width:1216.8px;margin-left: calc(-4% \/ 2 );margin-right: calc(-4% \/ 2 );\"><\/div><\/div><\/p>\n","protected":false},"excerpt":{"rendered":"","protected":false},"author":1,"featured_media":0,"parent":0,"menu_order":4,"comment_status":"closed","ping_status":"closed","template":"","meta":{"footnotes":""},"class_list":["post-14968","page","type-page","status-publish","hentry"],"_links":{"self":[{"href":"https:\/\/electromagnetica.ro\/en\/wp-json\/wp\/v2\/pages\/14968","targetHints":{"allow":["GET"]}}],"collection":[{"href":"https:\/\/electromagnetica.ro\/en\/wp-json\/wp\/v2\/pages"}],"about":[{"href":"https:\/\/electromagnetica.ro\/en\/wp-json\/wp\/v2\/types\/page"}],"author":[{"embeddable":true,"href":"https:\/\/electromagnetica.ro\/en\/wp-json\/wp\/v2\/users\/1"}],"replies":[{"embeddable":true,"href":"https:\/\/electromagnetica.ro\/en\/wp-json\/wp\/v2\/comments?post=14968"}],"version-history":[{"count":10,"href":"https:\/\/electromagnetica.ro\/en\/wp-json\/wp\/v2\/pages\/14968\/revisions"}],"predecessor-version":[{"id":14985,"href":"https:\/\/electromagnetica.ro\/en\/wp-json\/wp\/v2\/pages\/14968\/revisions\/14985"}],"wp:attachment":[{"href":"https:\/\/electromagnetica.ro\/en\/wp-json\/wp\/v2\/media?parent=14968"}],"curies":[{"name":"wp","href":"https:\/\/api.w.org\/{rel}","templated":true}]}}